{"id":11,"date":"2015-02-10T11:46:37","date_gmt":"2015-02-10T10:46:37","guid":{"rendered":"http:\/\/gmb.zhdk.ch\/?page_id=11"},"modified":"2026-03-01T00:21:57","modified_gmt":"2026-02-28T23:21:57","slug":"curriculum-vitae","status":"publish","type":"page","link":"https:\/\/postmodular.de\/category\/post\/curriculum-vitae\/","title":{"rendered":"Gerhard M. Buurman"},"content":{"rendered":"<p>2026 \u2013 Vertretungsprofessur f\u00fcr Designtheorie und -forschung, HfG Schw\u00e4bisch Gm\u00fcnd<br \/>\n2023 \u2013 2026 Lehrbeauftragter, HfG Schw\u00e4bisch Gm\u00fcnd<br \/>\n2017 \u2013 Institut f\u00fcr Denkformen, Konstanz<br \/>\n2017 \u2013 2021 Professur f\u00fcr Design, Hochschule Pforzheim<br \/>\n2015 \u2013 2017 Forschungsprofessur \u203aDesign Economics\u2039, ZHdK<br \/>\n2011 \u2013 2015 Leiter \u203aInstitut f\u00fcr Designforschung\u2039, ZHdK<br \/>\n2008 \u2013 2012 Gr\u00fcndung und Leitung \u203aSDFB\u2039 {Swiss Design Institute for Finance and Banking}<br \/>\n2004 \u2013 2008 Gr\u00fcndung, Aufbau und Leitung \u203aGame Design\u2039, ZHdK<br \/>\n2003 \u2013 2011 Partner \u203aPlasmadesign\u2039, Z\u00fcrich<br \/>\n2000 \u2013 2011 Gr\u00fcndung, Aufbau und Leitung \u203aInteraction Design\u2039, ZHdK<br \/>\n1997 \u2013 2001 Dozent f\u00fcr Industrial Design, Entwurf und Theorie, ZHdK<br \/>\n1996 \u2013 1997 Gastprofessur f\u00fcr Digitale Medien, Hochschule f\u00fcr Gestaltung, Linz<br \/>\n1994 \u2013 1997 Assistenz, Meisterklasse Industrial Design, Hochschule Gestaltung, Linz<br \/>\n1993 \u2013 1998 Promotion, Universit\u00e4t GHS Essen, Kunstwissenschaft<br \/>\n1985 \u2013 1993 Studium an der Universit\u00e4t GHS Essen, Industrial Design<\/p>\n<pre>Foto: \u00a9 Harald Koch<\/pre>\n","protected":false},"excerpt":{"rendered":"<p>2026 \u2013 Vertretungsprofessur f\u00fcr Designtheorie und -forschung, HfG Schw\u00e4bisch Gm\u00fcnd 2023 \u2013 2026 Lehrbeauftragter, HfG Schw\u00e4bisch Gm\u00fcnd 2017 \u2013 Institut f\u00fcr Denkformen, Konstanz 2017 \u2013 2021 Professur f\u00fcr Design, Hochschule<\/p>\n","protected":false},"author":2,"featured_media":10079,"parent":0,"menu_order":8,"comment_status":"closed","ping_status":"closed","template":"","meta":{"footnotes":""},"class_list":["post-11","page","type-page","status-publish","has-post-thumbnail","hentry","comments-off"],"_links":{"self":[{"href":"https:\/\/postmodular.de\/category\/post\/wp-json\/wp\/v2\/pages\/11","targetHints":{"allow":["GET"]}}],"collection":[{"href":"https:\/\/postmodular.de\/category\/post\/wp-json\/wp\/v2\/pages"}],"about":[{"href":"https:\/\/postmodular.de\/category\/post\/wp-json\/wp\/v2\/types\/page"}],"author":[{"embeddable":true,"href":"https:\/\/postmodular.de\/category\/post\/wp-json\/wp\/v2\/users\/2"}],"replies":[{"embeddable":true,"href":"https:\/\/postmodular.de\/category\/post\/wp-json\/wp\/v2\/comments?post=11"}],"version-history":[{"count":127,"href":"https:\/\/postmodular.de\/category\/post\/wp-json\/wp\/v2\/pages\/11\/revisions"}],"predecessor-version":[{"id":10781,"href":"https:\/\/postmodular.de\/category\/post\/wp-json\/wp\/v2\/pages\/11\/revisions\/10781"}],"wp:featuredmedia":[{"embeddable":true,"href":"https:\/\/postmodular.de\/category\/post\/wp-json\/wp\/v2\/media\/10079"}],"wp:attachment":[{"href":"https:\/\/postmodular.de\/category\/post\/wp-json\/wp\/v2\/media?parent=11"}],"curies":[{"name":"wp","href":"https:\/\/api.w.org\/{rel}","templated":true}]}}