{"id":3276,"date":"2015-04-09T06:34:26","date_gmt":"2015-04-09T05:34:26","guid":{"rendered":"http:\/\/www.designeconomy.ch\/?page_id=3276"},"modified":"2021-04-05T06:43:17","modified_gmt":"2021-04-05T05:43:17","slug":"reviews","status":"publish","type":"page","link":"https:\/\/postmodular.de\/category\/post\/reviews\/","title":{"rendered":"Juries, Reviews, Mandate"},"content":{"rendered":"<h4>Juries<\/h4>\n<p>Die Deutsche Bank der Zukunft, Deutsche Bank AG, Frankfurt a.M., &#8218;Banking-IT Innovation Award&#8216;, Uni St. Gallen,\u00a0DAAD Game Award, &#8218;Abenteuer Deutschland&#8216;,\u00a0&#8218;Digital Sparks&#8216;, Fraunhofer-Institut, &#8218;IF Communication Award&#8216;, &#8218;Viper&#8216;, Basel, &#8218;Braun-Preis&#8216; u. a.<\/p>\n<h4>Gutachten, Akkreditierungen u.a.<\/h4>\n<p style=\"text-align: left;\">Hochschule Magdeburg-Stendal, Fachhochschule M\u00fcnchen, Kunstuniversit\u00e4t Linz, Muthesius Kunsthochschule Kiel, Fachhochschule Potsdam, Fachhochschule K\u00e4rnten (A), Finnische Akademie der Wissenschaften, Deutsche Forschungsgemeinschaft (DFG) u. a.<\/p>\n<h4 style=\"text-align: left;\">Conference-Peer<\/h4>\n<p style=\"text-align: left;\">ISMAR 2012 (Interaction Design),\u00a0International Symposium for Wearable Computers 2007 (Design Concepts),\u00a0IEEE, Information Visualization Conference2007\u00a0(Information Visualization),\u00a0International Conference on Entertainment Computing, Cambridge 2006<\/p>\n<h4 style=\"text-align: left;\">Mandate<\/h4>\n<p style=\"text-align: left;\">Stellv. Vorsitzender des\u00a0Aufsichtsrates der\u00a0<a href=\"http:\/\/www.virtual-identity.com\/\" target=\"_blank\" rel=\"noopener noreferrer\">Virtual Identity AG<\/a>, Freiburg, M\u00fcnchen, Wien.<\/p>\n","protected":false},"excerpt":{"rendered":"<p>Juries Die Deutsche Bank der Zukunft, Deutsche Bank AG, Frankfurt a.M., &#8218;Banking-IT Innovation Award&#8216;, Uni St. Gallen,\u00a0DAAD Game Award, &#8218;Abenteuer Deutschland&#8216;,\u00a0&#8218;Digital Sparks&#8216;, Fraunhofer-Institut, &#8218;IF Communication Award&#8216;, &#8218;Viper&#8216;, Basel, &#8218;Braun-Preis&#8216; u.<\/p>\n","protected":false},"author":2,"featured_media":0,"parent":0,"menu_order":0,"comment_status":"closed","ping_status":"open","template":"","meta":{"footnotes":""},"class_list":["post-3276","page","type-page","status-publish","hentry","comments-off"],"_links":{"self":[{"href":"https:\/\/postmodular.de\/category\/post\/wp-json\/wp\/v2\/pages\/3276","targetHints":{"allow":["GET"]}}],"collection":[{"href":"https:\/\/postmodular.de\/category\/post\/wp-json\/wp\/v2\/pages"}],"about":[{"href":"https:\/\/postmodular.de\/category\/post\/wp-json\/wp\/v2\/types\/page"}],"author":[{"embeddable":true,"href":"https:\/\/postmodular.de\/category\/post\/wp-json\/wp\/v2\/users\/2"}],"replies":[{"embeddable":true,"href":"https:\/\/postmodular.de\/category\/post\/wp-json\/wp\/v2\/comments?post=3276"}],"version-history":[{"count":13,"href":"https:\/\/postmodular.de\/category\/post\/wp-json\/wp\/v2\/pages\/3276\/revisions"}],"predecessor-version":[{"id":7678,"href":"https:\/\/postmodular.de\/category\/post\/wp-json\/wp\/v2\/pages\/3276\/revisions\/7678"}],"wp:attachment":[{"href":"https:\/\/postmodular.de\/category\/post\/wp-json\/wp\/v2\/media?parent=3276"}],"curies":[{"name":"wp","href":"https:\/\/api.w.org\/{rel}","templated":true}]}}