{"id":3760,"date":"2015-04-12T21:59:32","date_gmt":"2015-04-12T20:59:32","guid":{"rendered":"http:\/\/www.designeconomy.ch\/?page_id=3760"},"modified":"2024-01-27T18:13:43","modified_gmt":"2024-01-27T17:13:43","slug":"lehre","status":"publish","type":"page","link":"https:\/\/postmodular.de\/category\/post\/lehre\/","title":{"rendered":"Lehre"},"content":{"rendered":"<h5>Affiliation<\/h5>\n<ul>\n<li>Hochschule f\u00fcr Gestaltung Schw\u00e4bisch Gm\u00fcnd, Kunstuniversit\u00e4t Linz, Z\u00fcrcher Hochschule der K\u00fcnste;<\/li>\n<\/ul>\n<h5>Lehrgebiete<\/h5>\n<ul>\n<li>Hochschule f\u00fcr k\u00fcnstlerische und industrielle Gestaltung, Linz<br \/>\n1993 &#8211; 1996, Meisterklasse Industrial Design, <strong>Zentrales k\u00fcnstlerisches Fach<\/strong><br \/>\n1996 &#8211; 1997, Gastprofessur f\u00fcr <strong>Design- und Medientheorie<\/strong><\/li>\n<li>Z\u00fcrcher Hochschule der K\u00fcnste<br \/>\n1997 &#8211; 2000, Industrial Design, <strong>Zentrales k\u00fcnstlerisches Fach<\/strong>, Dozent<br \/>\n1997 &#8211; 2000, Industrial Design, <strong>Designtheorie<\/strong>, Dozent<br \/>\n1997 &#8211; 2007, Departement Design, <strong>Technikphilosophie<\/strong><br \/>\n2008 &#8211; heute, Departement Design, <a href=\"https:\/\/www.postmodular.de\/lehre\/designeconomics\/\"><strong>Design Economics<\/strong><\/a><\/li>\n<li>Z\u00fcrcher Hochschule der K\u00fcnste<br \/>\n2000 &#8211; 2012, Professur f. <strong>Interaction Design<\/strong><br \/>\n2000 &#8211; 2012, Interaction Design [IAD], <strong>Medientheorie<\/strong><\/li>\n<li>Universit\u00e4t Z\u00fcrich<br \/>\n2009: Institut f\u00fcr Informatik, <strong>Medienentwurf<\/strong><\/li>\n<li>Hochschule Pforzheim<br \/>\n2017 &#8211; 2021, Fakult\u00e4t f\u00fcr Gestaltung, <a href=\"https:\/\/www.postmodular.de\/digitaltransformation\/\"><strong>Digital Transformation<\/strong><\/a><\/li>\n<li>Hochschule f\u00fcr Gestaltung Schw\u00e4bisch Gm\u00fcnd<br \/>\n2023 &#8211; , Kommunikationsgestaltung, Entwurf (Vertretung f\u00fcr Hans Kr\u00e4mer)<\/li>\n<\/ul>\n<h5>Doktorat<\/h5>\n<p>Kooperation mit der Universit\u00e4t f\u00fcr k\u00fcnstlerische und industrielle Gestaltung Linz<\/p>\n<ul>\n<li>Laufende Doktorate\n<ul>\n<li><a href=\"http:\/\/clemenswinkler.com\/\" target=\"_blank\" rel=\"noopener noreferrer\">Clemens Winkler<\/a> [Interaction Design]<\/li>\n<li>Verena Ziegler [Interaction Design]<\/li>\n<\/ul>\n<\/li>\n<\/ul>\n<ul>\n<li>Abgeschlossene Doktorate\n<ul>\n<li><a href=\"https:\/\/www.postmodular.de\/daniel-hug\/\" rel=\"noopener\">Dr. Daniel Hug<\/a><br \/>\nCL TKTY?CLACK! Exploring Digital Design and Interpretation of Sound for lnteractive Commodities<\/li>\n<li><a href=\"http:\/\/meikeeckstein.net\/\" target=\"_blank\" rel=\"noopener noreferrer\">Dr. Meike Eckstein<\/a><br \/>\nExperimente dazu, wie etwas Abgebildetes entsteht. Zeichnen als Erkenntnismittel in der praxisbasierten Forschung.<\/li>\n<\/ul>\n<\/li>\n<li>Zweitbetreuung\n<ul>\n<li>Dr. An Mihye, ETH Z\u00fcrich, Prof. Dr. Ludger Hovestadt, FB Architektur<br \/>\n<a href=\"https:\/\/www.postmodular.de\/4630-2\/\">Fantastic Infrastructures<\/a><\/li>\n<li>Stephan Sachse, <a href=\"https:\/\/iwi.wifa.uni-leipzig.de\/iwi\/as\/team\/rainer-alt.html\">Universit\u00e4t Leipzig, Prof. Dr. Rainer Alt, Wirtschaftsinformatik<\/a><\/li>\n<\/ul>\n<\/li>\n<\/ul>\n","protected":false},"excerpt":{"rendered":"<p>Affiliation Hochschule f\u00fcr Gestaltung Schw\u00e4bisch Gm\u00fcnd, Kunstuniversit\u00e4t Linz, Z\u00fcrcher Hochschule der K\u00fcnste; Lehrgebiete Hochschule f\u00fcr k\u00fcnstlerische und industrielle Gestaltung, Linz 1993 &#8211; 1996, Meisterklasse Industrial Design, Zentrales k\u00fcnstlerisches Fach 1996<\/p>\n","protected":false},"author":2,"featured_media":0,"parent":0,"menu_order":0,"comment_status":"closed","ping_status":"closed","template":"","meta":{"footnotes":""},"class_list":["post-3760","page","type-page","status-publish","hentry","comments-off"],"_links":{"self":[{"href":"https:\/\/postmodular.de\/category\/post\/wp-json\/wp\/v2\/pages\/3760","targetHints":{"allow":["GET"]}}],"collection":[{"href":"https:\/\/postmodular.de\/category\/post\/wp-json\/wp\/v2\/pages"}],"about":[{"href":"https:\/\/postmodular.de\/category\/post\/wp-json\/wp\/v2\/types\/page"}],"author":[{"embeddable":true,"href":"https:\/\/postmodular.de\/category\/post\/wp-json\/wp\/v2\/users\/2"}],"replies":[{"embeddable":true,"href":"https:\/\/postmodular.de\/category\/post\/wp-json\/wp\/v2\/comments?post=3760"}],"version-history":[{"count":53,"href":"https:\/\/postmodular.de\/category\/post\/wp-json\/wp\/v2\/pages\/3760\/revisions"}],"predecessor-version":[{"id":9808,"href":"https:\/\/postmodular.de\/category\/post\/wp-json\/wp\/v2\/pages\/3760\/revisions\/9808"}],"wp:attachment":[{"href":"https:\/\/postmodular.de\/category\/post\/wp-json\/wp\/v2\/media?parent=3760"}],"curies":[{"name":"wp","href":"https:\/\/api.w.org\/{rel}","templated":true}]}}